{"id":1539,"date":"2017-04-17T21:12:43","date_gmt":"2017-04-17T19:12:43","guid":{"rendered":"http:\/\/www.sc-syrau.de\/fussball\/?page_id=1539"},"modified":"2025-08-09T15:25:50","modified_gmt":"2025-08-09T13:25:50","slug":"startseite","status":"publish","type":"page","link":"https:\/\/www.sc-syrau.de\/fussball\/","title":{"rendered":"Startseite"},"content":{"rendered":"<p>[et_pb_section fb_built=&#8220;1&#8243; admin_label=&#8220;section&#8220; _builder_version=&#8220;4.16&#8243; global_colors_info=&#8220;{}&#8220;][et_pb_row admin_label=&#8220;row&#8220; _builder_version=&#8220;4.16&#8243; background_size=&#8220;initial&#8220; background_position=&#8220;top_left&#8220; background_repeat=&#8220;repeat&#8220; global_colors_info=&#8220;{}&#8220;][et_pb_column type=&#8220;4_4&#8243; _builder_version=&#8220;4.16&#8243; custom_padding=&#8220;|||&#8220; global_colors_info=&#8220;{}&#8220; custom_padding__hover=&#8220;|||&#8220;][et_pb_text _builder_version=&#8220;4.16&#8243; background_size=&#8220;initial&#8220; background_position=&#8220;top_left&#8220; background_repeat=&#8220;repeat&#8220; text_orientation=&#8220;center&#8220; module_alignment=&#8220;center&#8220; use_border_color=&#8220;off&#8220; border_color=&#8220;#ffffff&#8220; border_style=&#8220;solid&#8220; global_colors_info=&#8220;{}&#8220;]<\/p>\n<h2>Herzlich Willkommen beim Fu\u00dfball<\/h2>\n<p>[\/et_pb_text][et_pb_image src=&#8220;https:\/\/www.sc-syrau.de\/fussball\/wp-content\/uploads\/sites\/2\/2023\/07\/Vogtlandmeister-2022_2023-HP-scaled.jpg&#8220; title_text=&#8220;Vogtlandmeister 2022_2023 HP&#8220; align=&#8220;center&#8220; align_tablet=&#8220;center&#8220; align_phone=&#8220;&#8220; align_last_edited=&#8220;on|desktop&#8220; _builder_version=&#8220;4.16&#8243; global_colors_info=&#8220;{}&#8220;][\/et_pb_image][\/et_pb_column][\/et_pb_row][et_pb_row column_structure=&#8220;1_3,1_3,1_3&#8243; admin_label=&#8220;row&#8220; _builder_version=&#8220;4.16&#8243; background_size=&#8220;initial&#8220; background_position=&#8220;top_left&#8220; background_repeat=&#8220;repeat&#8220; global_colors_info=&#8220;{}&#8220;][et_pb_column type=&#8220;1_3&#8243; _builder_version=&#8220;4.16&#8243; custom_padding=&#8220;|||&#8220; global_colors_info=&#8220;{}&#8220; custom_padding__hover=&#8220;|||&#8220;][et_pb_text disabled_on=&#8220;off|off|off&#8220; admin_label=&#8220;\u00dcberschrift Spiel Erste&#8220; _builder_version=&#8220;4.23&#8243; background_size=&#8220;initial&#8220; background_position=&#8220;top_left&#8220; background_repeat=&#8220;repeat&#8220; use_border_color=&#8220;off&#8220; border_color=&#8220;#ffffff&#8220; border_style=&#8220;solid&#8220; global_colors_info=&#8220;{}&#8220;]<\/p>\n<h3 style=\"text-align: center;\">1. Mannschaft<\/h3>\n<p>[\/et_pb_text][et_pb_code disabled_on=&#8220;off|off|off&#8220; admin_label=&#8220;Soccerwatch Erste&#8220; _builder_version=&#8220;4.23&#8243; _module_preset=&#8220;default&#8220; locked=&#8220;off&#8220; global_colors_info=&#8220;{}&#8220;]<\/p>\n<div class=\"s-embed\" style=\"width:100%\"><iframe class=\"s-iframe\" src=\"https:\/\/staige.tv\/embed\/video\/224479\/highlight\" style=\"width:100%;height:100%\" frameborder=\"0\" allowfullscreen><\/iframe><\/div>\n<p><script><!-- [et_pb_line_break_holder] -->window.swResize = function () {<!-- [et_pb_line_break_holder] -->  var mapElements = document.getElementsByClassName(\"s-embed\");<!-- [et_pb_line_break_holder] -->  for (let i = 0; i < mapElements.length; i++) {<!-- [et_pb_line_break_holder] -->    const mapElement = mapElements[i];<!-- [et_pb_line_break_holder] -->    console.log(mapElement.scrollWidth)<!-- [et_pb_line_break_holder] -->    mapElement.style.height = \"\" + ((mapElement.scrollWidth \/ 16 * 9)) + \"px\"<!-- [et_pb_line_break_holder] -->  }<!-- [et_pb_line_break_holder] -->};<!-- [et_pb_line_break_holder] -->window.swResize();<!-- [et_pb_line_break_holder] -->window.addEventListener(\"resize\", function (e) {<!-- [et_pb_line_break_holder] -->  window.swResize();<!-- [et_pb_line_break_holder] -->});<!-- [et_pb_line_break_holder] --><\/script>[\/et_pb_code][\/et_pb_column][et_pb_column type=&#8220;1_3&#8243; _builder_version=&#8220;4.16&#8243; custom_padding=&#8220;%22%22|||%22%22&#8243; global_colors_info=&#8220;{}&#8220; custom_padding__hover=&#8220;%22%22|||%22%22&#8243;][et_pb_image src=&#8220;https:\/\/www.sc-syrau.de\/fussball\/wp-content\/uploads\/sites\/2\/2022\/07\/Inet.png&#8220; alt=&#8220;SCS Streaming&#8220; title_text=&#8220;SCS Streaming&#8220; url=&#8220;https:\/\/staige.tv\/verein\/8833&#8243; align=&#8220;center&#8220; admin_label=&#8220;Banner Staige&#8220; _builder_version=&#8220;4.16&#8243; _module_preset=&#8220;default&#8220; max_width=&#8220;100%&#8220; global_colors_info=&#8220;{}&#8220;][\/et_pb_image][\/et_pb_column][et_pb_column type=&#8220;1_3&#8243; _builder_version=&#8220;4.16&#8243; custom_padding=&#8220;%22%22|||%22%22&#8243; global_colors_info=&#8220;{}&#8220; custom_padding__hover=&#8220;%22%22|||%22%22&#8243;][et_pb_text disabled_on=&#8220;off|off|off&#8220; admin_label=&#8220;\u00dcberschrift Spiel Zweite&#8220; _builder_version=&#8220;4.23&#8243; background_size=&#8220;initial&#8220; background_position=&#8220;top_left&#8220; background_repeat=&#8220;repeat&#8220; use_border_color=&#8220;off&#8220; border_color=&#8220;#ffffff&#8220; border_style=&#8220;solid&#8220; global_colors_info=&#8220;{}&#8220;]<\/p>\n<h3 style=\"text-align: center;\">2. Mannschaft<\/h3>\n<p>[\/et_pb_text][et_pb_code disabled_on=&#8220;off|off|off&#8220; admin_label=&#8220;Soccerwatch Zweite&#8220; _builder_version=&#8220;4.23&#8243; _module_preset=&#8220;default&#8220; global_colors_info=&#8220;{}&#8220;]<\/p>\n<div class=\"s-embed\" style=\"width:100%\"><iframe class=\"s-iframe\" src=\"https:\/\/staige.tv\/embed\/video\/224478\/highlight\" style=\"width:100%;height:100%\" frameborder=\"0\" allowfullscreen><\/iframe><\/div>\n<p><script><!-- [et_pb_line_break_holder] -->window.swResize = function () {<!-- [et_pb_line_break_holder] -->  var mapElements = document.getElementsByClassName(\"s-embed\");<!-- [et_pb_line_break_holder] -->  for (let i = 0; i < mapElements.length; i++) {<!-- [et_pb_line_break_holder] -->    const mapElement = mapElements[i];<!-- [et_pb_line_break_holder] -->    console.log(mapElement.scrollWidth)<!-- [et_pb_line_break_holder] -->    mapElement.style.height = \"\" + ((mapElement.scrollWidth \/ 16 * 9)) + \"px\"<!-- [et_pb_line_break_holder] -->  }<!-- [et_pb_line_break_holder] -->};<!-- [et_pb_line_break_holder] -->window.swResize();<!-- [et_pb_line_break_holder] -->window.addEventListener(\"resize\", function (e) {<!-- [et_pb_line_break_holder] -->  window.swResize();<!-- [et_pb_line_break_holder] -->});<!-- [et_pb_line_break_holder] --><\/script>[\/et_pb_code][\/et_pb_column][\/et_pb_row][et_pb_row column_structure=&#8220;2_3,1_3&#8243; admin_label=&#8220;row&#8220; _builder_version=&#8220;4.16&#8243; background_size=&#8220;initial&#8220; background_position=&#8220;top_left&#8220; background_repeat=&#8220;repeat&#8220; global_colors_info=&#8220;{}&#8220;][et_pb_column type=&#8220;2_3&#8243; _builder_version=&#8220;4.16&#8243; custom_padding=&#8220;|||&#8220; global_colors_info=&#8220;{}&#8220; custom_padding__hover=&#8220;|||&#8220;][et_pb_text admin_label=&#8220;\u00dcberschrift Vereinsspielplan&#8220; _builder_version=&#8220;4.16&#8243; background_size=&#8220;initial&#8220; background_position=&#8220;top_left&#8220; background_repeat=&#8220;repeat&#8220; text_orientation=&#8220;center&#8220; module_alignment=&#8220;center&#8220; use_border_color=&#8220;off&#8220; border_color=&#8220;#ffffff&#8220; border_style=&#8220;solid&#8220; global_colors_info=&#8220;{}&#8220;]<\/p>\n<h2><strong>Vereinsspielplan<\/strong><\/h2>\n<p>[\/et_pb_text][et_pb_code _builder_version=&#8220;4.27.0&#8243; _module_preset=&#8220;default&#8220; global_colors_info=&#8220;{}&#8220;]<\/p>\n<div <!-- [et_pb_line_break_holder] -->  class=&#8220;fussballde_widget&#8220;<!-- [et_pb_line_break_holder] -->  data-id=&#8220;d25c88a4-16ad-4f47-8ca0-1280bbcb599a&#8220;<!-- [et_pb_line_break_holder] -->  data-type=&#8220;club-matches&#8220;<!-- [et_pb_line_break_holder] -->  style=&#8220;width: 100%&#8220;<!-- [et_pb_line_break_holder] -->><\/div>\n<p>[\/et_pb_code][\/et_pb_column][et_pb_column type=&#8220;1_3&#8243; _builder_version=&#8220;4.16&#8243; custom_padding=&#8220;%22%22|||%22%22&#8243; global_colors_info=&#8220;{}&#8220; custom_padding__hover=&#8220;%22%22|||%22%22&#8243;][et_pb_text admin_label=&#8220;Anfahrt&#8220; _builder_version=&#8220;4.27.0&#8243; background_size=&#8220;initial&#8220; background_position=&#8220;top_left&#8220; background_repeat=&#8220;repeat&#8220; module_alignment=&#8220;left&#8220; hover_enabled=&#8220;0&#8243; border_radii=&#8220;off|5px|5px|5px|5px&#8220; border_width_all=&#8220;2px&#8220; border_color_all=&#8220;#000000&#8243; use_border_color=&#8220;off&#8220; global_colors_info=&#8220;{}&#8220; sticky_enabled=&#8220;0&#8243;]<\/p>\n<h4 style=\"text-align: center;\"><strong><span style=\"color: #ff0000;\">Adresse Waldstadion<\/span><\/strong><\/h4>\n<p style=\"text-align: center;\"><strong>SC Syrau 1919 e.V.<br \/><\/strong>Siedlung 2b<br \/>08548 Syrau<\/p>\n<p>[\/et_pb_text][et_pb_text admin_label=&#8220;Kontakt&#8220; _builder_version=&#8220;4.27.0&#8243; background_size=&#8220;initial&#8220; background_position=&#8220;top_left&#8220; background_repeat=&#8220;repeat&#8220; module_alignment=&#8220;right&#8220; hover_enabled=&#8220;0&#8243; border_radii=&#8220;on|5px|5px|5px|5px&#8220; border_width_all=&#8220;2px&#8220; border_color_all=&#8220;#000000&#8243; use_border_color=&#8220;off&#8220; global_colors_info=&#8220;{}&#8220; sticky_enabled=&#8220;0&#8243;]<\/p>\n<h4 style=\"text-align: center;\"><strong><span style=\"color: #ff0000;\">Kontakt<\/span><\/strong><\/h4>\n<p style=\"text-align: center;\"><strong>Pr\u00e4sident SC Syrau<br \/><\/strong>Jens Mannig<br \/>0160\/8500895<br \/>j.mannig@sc-syrau.de<br \/><strong><br \/>Abteilungsleiter Fu\u00dfball<br \/><\/strong>Michael Scherf<br \/>0173\/5730981<br \/>m.scherf@sc-syrau.de<\/p>\n<p style=\"text-align: center;\"><strong>Nachwuchsleiter Fu\u00dfball<\/strong><br \/>Leon Mannig<br \/>l.mannig@sc-syrau.de<\/p>\n<p>[\/et_pb_text][\/et_pb_column][\/et_pb_row][et_pb_row _builder_version=&#8220;4.16&#8243; _module_preset=&#8220;%22%22%22%22default%22%22%22%22&#8243; background_size=&#8220;%22%22%22initial%22%22%22&#8243; background_position=&#8220;%22%22%22top_left%22%22%22&#8243; width=&#8220;%22%2250%%22%22&#8243; max_width=&#8220;%222560px%22&#8243; hover_enabled=&#8220;%220%22&#8243; global_colors_info=&#8220;{}&#8220;][et_pb_column type=&#8220;4_4&#8243; _builder_version=&#8220;4.16&#8243; _module_preset=&#8220;%22%22%22%22default%22%22%22%22&#8243; custom_padding=&#8220;%22%22%22|||%22%22%22&#8243; hover_enabled=&#8220;%220%22&#8243; global_colors_info=&#8220;{}&#8220; custom_padding__hover=&#8220;%22%22%22|||%22%22%22&#8243;][et_pb_text admin_label=&#8220;\u00dcberschrift Spielberichte&#8220; _builder_version=&#8220;4.16&#8243; background_size=&#8220;%22%22%22%22%22%22%22%22%22%22%22%22%22initial%22%22%22%22%22%22%22%22%22%22%22%22%22&#8243; background_position=&#8220;%22%22%22%22%22%22%22%22%22%22%22%22%22top_left%22%22%22%22%22%22%22%22%22%22%22%22%22&#8243; width=&#8220;%22%22%2250%%22%22%22&#8243; use_border_color=&#8220;%22%22%22%22%22%22%22%22%22%22%22%22%22off%22%22%22%22%22%22%22%22%22%22%22%22%22&#8243; border_color=&#8220;%22%22%22%22%22%22%22%22%22%22%22%22%22#ffffff%22%22%22%22%22%22%22%22%22%22%22%22%22&#8243; border_style=&#8220;%22%22%22%22%22%22%22%22%22%22%22%22%22solid%22%22%22%22%22%22%22%22%22%22%22%22%22&#8243; global_colors_info=&#8220;{}&#8220;]<\/p>\n<h3>Spielberichte<\/h3>\n<p>[\/et_pb_text][et_pb_blog include_categories=&#8220;1,all,current,85,86,95,87,94,88,93,92,91,90,89&#8243; meta_date=&#8220;d.m.Y&#8220; show_more=&#8220;on&#8220; show_pagination=&#8220;off&#8220; _builder_version=&#8220;4.27.0&#8243; global_colors_info=&#8220;{}&#8220;][\/et_pb_blog][\/et_pb_column][\/et_pb_row][et_pb_row disabled_on=&#8220;on|on|on&#8220; _builder_version=&#8220;4.22.1&#8243; background_size=&#8220;initial&#8220; background_position=&#8220;top_left&#8220; background_repeat=&#8220;repeat&#8220; disabled=&#8220;on&#8220; global_colors_info=&#8220;{}&#8220;][et_pb_column type=&#8220;4_4&#8243; _builder_version=&#8220;4.16&#8243; custom_padding=&#8220;|||&#8220; global_colors_info=&#8220;{}&#8220; custom_padding__hover=&#8220;|||&#8220;][et_pb_text disabled_on=&#8220;on|on|on&#8220; admin_label=&#8220;vogtl\u00e4ndische Vereine&#8220; _builder_version=&#8220;4.22.1&#8243; background_size=&#8220;initial&#8220; background_position=&#8220;top_left&#8220; background_repeat=&#8220;repeat&#8220; text_orientation=&#8220;center&#8220; module_alignment=&#8220;center&#8220; use_border_color=&#8220;off&#8220; border_color=&#8220;#ffffff&#8220; border_style=&#8220;solid&#8220; disabled=&#8220;on&#8220; global_colors_info=&#8220;{}&#8220;]<\/p>\n<h3><span style=\"color: #3366ff;\"><strong><a style=\"color: #3366ff;\" href=\"https:\/\/www.sc-syrau.de\/fussball\/links-vogtlaendischer-fussballvereine\/\" target=\"_blank\" rel=\"noopener noreferrer\">Links vogtl\u00e4ndischer Fu\u00dfballvereine<\/a><\/strong><\/span><\/h3>\n<p>[\/et_pb_text][\/et_pb_column][\/et_pb_row][et_pb_row column_structure=&#8220;1_3,1_3,1_3&#8243; _builder_version=&#8220;4.16&#8243; background_size=&#8220;initial&#8220; background_position=&#8220;top_left&#8220; background_repeat=&#8220;repeat&#8220; global_colors_info=&#8220;{}&#8220;][et_pb_column type=&#8220;1_3&#8243; _builder_version=&#8220;4.16&#8243; custom_padding=&#8220;|||&#8220; global_colors_info=&#8220;{}&#8220; custom_padding__hover=&#8220;|||&#8220;][et_pb_image src=&#8220;https:\/\/www.sc-syrau.de\/fussball\/wp-content\/uploads\/sites\/2\/2016\/01\/Logo_VFV.jpg&#8220; url=&#8220;http:\/\/www.vfv-online.de&#8220; url_new_window=&#8220;on&#8220; align=&#8220;center&#8220; align_tablet=&#8220;center&#8220; align_phone=&#8220;&#8220; align_last_edited=&#8220;on|desktop&#8220; admin_label=&#8220;Link VFV&#8220; _builder_version=&#8220;4.22.1&#8243; use_border_color=&#8220;off&#8220; border_color=&#8220;#ffffff&#8220; border_style=&#8220;solid&#8220; animation=&#8220;off&#8220; sticky=&#8220;off&#8220; global_colors_info=&#8220;{}&#8220;][\/et_pb_image][\/et_pb_column][et_pb_column type=&#8220;1_3&#8243; _builder_version=&#8220;4.16&#8243; custom_padding=&#8220;|||&#8220; global_colors_info=&#8220;{}&#8220; custom_padding__hover=&#8220;|||&#8220;][et_pb_image src=&#8220;https:\/\/www.sc-syrau.de\/fussball\/wp-content\/uploads\/sites\/2\/2016\/01\/Logo_SFV_svg.png&#8220; url=&#8220;http:\/\/www.sfv-online.de&#8220; url_new_window=&#8220;on&#8220; align=&#8220;center&#8220; align_tablet=&#8220;center&#8220; align_phone=&#8220;&#8220; align_last_edited=&#8220;on|desktop&#8220; admin_label=&#8220;Link SFV&#8220; _builder_version=&#8220;4.16&#8243; use_border_color=&#8220;off&#8220; border_color=&#8220;#ffffff&#8220; border_style=&#8220;solid&#8220; animation=&#8220;off&#8220; sticky=&#8220;off&#8220; global_colors_info=&#8220;{}&#8220;][\/et_pb_image][\/et_pb_column][et_pb_column type=&#8220;1_3&#8243; _builder_version=&#8220;4.16&#8243; custom_padding=&#8220;|||&#8220; global_colors_info=&#8220;{}&#8220; custom_padding__hover=&#8220;|||&#8220;][et_pb_image src=&#8220;https:\/\/www.sc-syrau.de\/fussball\/wp-content\/uploads\/sites\/2\/2016\/01\/Logo_DFB_svg.png&#8220; url=&#8220;http:\/\/www.dfb.de&#8220; url_new_window=&#8220;on&#8220; align=&#8220;center&#8220; align_tablet=&#8220;center&#8220; align_phone=&#8220;&#8220; align_last_edited=&#8220;on|desktop&#8220; admin_label=&#8220;Link DFB&#8220; _builder_version=&#8220;4.16&#8243; use_border_color=&#8220;off&#8220; border_color=&#8220;#ffffff&#8220; border_style=&#8220;solid&#8220; animation=&#8220;off&#8220; sticky=&#8220;off&#8220; global_colors_info=&#8220;{}&#8220;][\/et_pb_image][\/et_pb_column][\/et_pb_row][et_pb_row _builder_version=&#8220;4.16&#8243; background_size=&#8220;initial&#8220; background_position=&#8220;top_left&#8220; background_repeat=&#8220;repeat&#8220; global_colors_info=&#8220;{}&#8220;][et_pb_column type=&#8220;4_4&#8243; _builder_version=&#8220;4.16&#8243; custom_padding=&#8220;|||&#8220; global_colors_info=&#8220;{}&#8220; custom_padding__hover=&#8220;|||&#8220;][et_pb_divider color=&#8220;#000000&#8243; disabled_on=&#8220;on|on|off&#8220; _builder_version=&#8220;4.16&#8243; height=&#8220;10px&#8220; hide_on_mobile=&#8220;on&#8220; global_colors_info=&#8220;{}&#8220;][\/et_pb_divider][et_pb_text admin_label=&#8220;Vereinsspielplan&#8220; _builder_version=&#8220;4.16&#8243; _module_preset=&#8220;default&#8220; text_orientation=&#8220;center&#8220; global_colors_info=&#8220;{}&#8220;]<\/p>\n<div id=\"widget9911\"><\/div>\n<p><script type=\"text\/javascript\">\n\t\tnew fussballdeWidgetAPI().showWidget('widget9911', '02I9KEDSNK000000VUM1DNOUVS5V9HHE');\n\t<\/script>[\/et_pb_text][et_pb_gallery gallery_ids=&#8220;1107,1108,1110,1111,1113,1114,1116,1117,1119,1120,1121,1122,1124,1125,1126,1127,1128,1129,1130,1131,1132,1579,1578&#8243; gallery_orderby=&#8220;rand&#8220; show_title_and_caption=&#8220;off&#8220; show_pagination=&#8220;off&#8220; _builder_version=&#8220;4.16&#8243; use_border_color=&#8220;off&#8220; border_color=&#8220;#ffffff&#8220; border_style=&#8220;solid&#8220; global_colors_info=&#8220;{}&#8220;][\/et_pb_gallery][\/et_pb_column][\/et_pb_row][\/et_pb_section]<\/p>\n","protected":false},"excerpt":{"rendered":"<p>Herzlich Willkommen beim Fu\u00dfball1. Mannschaft2. MannschaftVereinsspielplanAdresse Waldstadion SC Syrau 1919 e.V.Siedlung 2b08548 SyrauKontakt Pr\u00e4sident SC SyrauJens Mannig0160\/8500895j.mannig@sc-syrau.deAbteilungsleiter Fu\u00dfballMichael Scherf0173\/5730981m.scherf@sc-syrau.de Nachwuchsleiter Fu\u00dfballLeon Mannigl.mannig@sc-syrau.deSpielberichteLinks vogtl\u00e4ndischer Fu\u00dfballvereine<\/p>\n","protected":false},"author":2,"featured_media":0,"parent":0,"menu_order":0,"comment_status":"closed","ping_status":"closed","template":"","meta":{"_et_pb_use_builder":"on","_et_pb_old_content":"","_et_gb_content_width":"","footnotes":""},"class_list":["post-1539","page","type-page","status-publish","hentry"],"_links":{"self":[{"href":"https:\/\/www.sc-syrau.de\/fussball\/wp-json\/wp\/v2\/pages\/1539","targetHints":{"allow":["GET"]}}],"collection":[{"href":"https:\/\/www.sc-syrau.de\/fussball\/wp-json\/wp\/v2\/pages"}],"about":[{"href":"https:\/\/www.sc-syrau.de\/fussball\/wp-json\/wp\/v2\/types\/page"}],"author":[{"embeddable":true,"href":"https:\/\/www.sc-syrau.de\/fussball\/wp-json\/wp\/v2\/users\/2"}],"replies":[{"embeddable":true,"href":"https:\/\/www.sc-syrau.de\/fussball\/wp-json\/wp\/v2\/comments?post=1539"}],"version-history":[{"count":161,"href":"https:\/\/www.sc-syrau.de\/fussball\/wp-json\/wp\/v2\/pages\/1539\/revisions"}],"predecessor-version":[{"id":2880,"href":"https:\/\/www.sc-syrau.de\/fussball\/wp-json\/wp\/v2\/pages\/1539\/revisions\/2880"}],"wp:attachment":[{"href":"https:\/\/www.sc-syrau.de\/fussball\/wp-json\/wp\/v2\/media?parent=1539"}],"curies":[{"name":"wp","href":"https:\/\/api.w.org\/{rel}","templated":true}]}}