{"id":2,"date":"2016-09-05T20:07:41","date_gmt":"2016-09-05T18:07:41","guid":{"rendered":"http:\/\/www.sc-syrau.de\/kindersport\/?page_id=2"},"modified":"2024-02-20T17:08:08","modified_gmt":"2024-02-20T16:08:08","slug":"startseite","status":"publish","type":"page","link":"https:\/\/www.sc-syrau.de\/kindersport\/","title":{"rendered":"Startseite"},"content":{"rendered":"<p>[et_pb_section fb_built=&#8220;1&#8243; admin_label=&#8220;section&#8220; _builder_version=&#8220;4.16&#8243; global_colors_info=&#8220;{}&#8220;][et_pb_row admin_label=&#8220;row&#8220; _builder_version=&#8220;4.16&#8243; background_size=&#8220;initial&#8220; background_position=&#8220;top_left&#8220; background_repeat=&#8220;repeat&#8220; global_colors_info=&#8220;{}&#8220;][et_pb_column type=&#8220;4_4&#8243; _builder_version=&#8220;4.16&#8243; custom_padding=&#8220;|||&#8220; global_colors_info=&#8220;{}&#8220; custom_padding__hover=&#8220;|||&#8220;][et_pb_text _builder_version=&#8220;4.16&#8243; background_size=&#8220;initial&#8220; background_position=&#8220;top_left&#8220; background_repeat=&#8220;repeat&#8220; border_style=&#8220;solid&#8220; global_colors_info=&#8220;{}&#8220;]<\/p>\n<h2 style=\"text-align: center;\">Herzlich Willkommen bei der Abteilung Kindersport<\/h2>\n<p>[\/et_pb_text][\/et_pb_column][\/et_pb_row][et_pb_row _builder_version=&#8220;4.16&#8243; background_size=&#8220;initial&#8220; background_position=&#8220;top_left&#8220; background_repeat=&#8220;repeat&#8220; global_colors_info=&#8220;{}&#8220;][et_pb_column type=&#8220;4_4&#8243; _builder_version=&#8220;4.16&#8243; custom_padding=&#8220;|||&#8220; global_colors_info=&#8220;{}&#8220; custom_padding__hover=&#8220;|||&#8220;][et_pb_image src=&#8220;https:\/\/www.sc-syrau.de\/kindersport\/wp-content\/uploads\/sites\/6\/2016\/09\/Kindersport.jpg&#8220; align=&#8220;center&#8220; align_tablet=&#8220;center&#8220; align_phone=&#8220;&#8220; align_last_edited=&#8220;on|desktop&#8220; _builder_version=&#8220;4.16&#8243; animation_style=&#8220;slide&#8220; animation_direction=&#8220;left&#8220; animation_duration=&#8220;500ms&#8220; animation_intensity_slide=&#8220;10%&#8220; use_border_color=&#8220;off&#8220; border_color=&#8220;#ffffff&#8220; border_style=&#8220;solid&#8220; animation=&#8220;left&#8220; sticky=&#8220;off&#8220; global_colors_info=&#8220;{}&#8220;][\/et_pb_image][\/et_pb_column][\/et_pb_row][et_pb_row _builder_version=&#8220;4.16&#8243; background_size=&#8220;initial&#8220; background_position=&#8220;top_left&#8220; background_repeat=&#8220;repeat&#8220; global_colors_info=&#8220;{}&#8220;][et_pb_column type=&#8220;4_4&#8243; _builder_version=&#8220;4.16&#8243; custom_padding=&#8220;|||&#8220; global_colors_info=&#8220;{}&#8220; custom_padding__hover=&#8220;|||&#8220;][et_pb_text _builder_version=&#8220;4.16&#8243; background_size=&#8220;initial&#8220; background_position=&#8220;top_left&#8220; background_repeat=&#8220;repeat&#8220; global_colors_info=&#8220;{}&#8220;]<\/p>\n<p style=\"text-align: center;\"><span style=\"font-size: 14px;\">18illkommen sind alle Kinder zwischen 2 und 5 Jahren, <\/span>die Spa\u00df am Rennen, Toben und Sport machen haben.<\/p>\n<p style=\"text-align: center;\">Der Kindersport findet in der Turnhalle Syrau, Schulstra\u00dfe 4c, statt.<\/p>\n<p style=\"text-align: center;\">Wir haben aktuell zwei Trainingsgruppen:<\/p>\n<p style=\"text-align: center;\"><strong>2-3 j\u00e4hrige Kinder: Freitag, 15:30 &#8211; 16:15 Uhr<\/strong><\/p>\n<p style=\"text-align: center;\"><strong>3-5 j\u00e4hrige Kinder: Freitag, 16:15 &#8211; 17:00 Uhr<\/strong><\/p>\n<p style=\"text-align: center;\">(Unsere 3-j\u00e4hrigen Kinder werden individuell nach dem jeweiligen Entwicklungsstand den Gruppen zugeordnet)<\/p>\n<p style=\"text-align: center;\">Bitte beachten sie, dass zu folgenden Terminen <strong>kein<\/strong> Kindersport stattfindet!<\/p>\n<p style=\"text-align: center;\"><span style=\"float: none; background-color: transparent; color: #666666; cursor: text; font-family: 'Open Sans',Arial,sans-serif; font-size: 14px; font-style: normal; font-variant: normal; font-weight: 500; letter-spacing: normal; text-align: left; text-decoration: none; text-indent: 0px;\">Karfreitag<br \/><strong>29.03.2024<\/strong><\/span><\/p>\n<p style=\"text-align: center;\">Freitag nach Christi Himmelfahrt<br \/><strong>10.05.2024<\/strong><\/p>\n<p style=\"text-align: center;\">Sommerferien<br \/><strong>20.06. bis 02.08.2024<\/strong><\/p>\n<p style=\"text-align: center;\">Herbstferien<br \/><strong>07.10. bis 19.10.2024<\/strong><\/p>\n<p style=\"text-align: center;\">Der letzte Kindersport des Jahres findet am 13.12.2024 statt!<span style=\"color: #ff0000;\"><br \/><\/span><\/p>\n<p>[\/et_pb_text][et_pb_text _builder_version=&#8220;4.16&#8243; background_size=&#8220;initial&#8220; background_position=&#8220;top_left&#8220; background_repeat=&#8220;repeat&#8220; use_border_color=&#8220;off&#8220; border_color=&#8220;#ffffff&#8220; border_style=&#8220;solid&#8220; global_colors_info=&#8220;{}&#8220;]<\/p>\n<p style=\"text-align: center;\">Schauen sie mit ihrem Spr\u00f6ssling doch einfach mal vorbei!<\/p>\n<p style=\"text-align: center;\">Es freuen sich Susan, Caroline, Janine und Bettina auf euch!<\/p>\n<p style=\"text-align: center;\">___________________________________________________________________________________________<\/p>\n<p style=\"text-align: center;\">F\u00fcr Anfragen und weitere Informationen stehen ihnen unsere \u00dcbungsleiter gerne zu Verf\u00fcgung.<\/p>\n<p style=\"text-align: center;\">E-Mail:\u00a0\u00a0\u00a0 info(at)sc-syrau.de<\/p>\n<p>[\/et_pb_text][et_pb_text admin_label=&#8220;\u00dcberschrift Neuigkeiten&#8220; _builder_version=&#8220;4.16&#8243; background_size=&#8220;initial&#8220; background_position=&#8220;top_left&#8220; background_repeat=&#8220;repeat&#8220; use_border_color=&#8220;off&#8220; border_color=&#8220;#ffffff&#8220; border_style=&#8220;solid&#8220; global_colors_info=&#8220;{}&#8220;]<\/p>\n<h3>Neuigkeiten<\/h3>\n<p>[\/et_pb_text][et_pb_blog include_categories=&#8220;1&#8243; meta_date=&#8220;d.m.Y&#8220; show_content=&#8220;on&#8220; show_categories=&#8220;off&#8220; show_pagination=&#8220;off&#8220; _builder_version=&#8220;4.16&#8243; use_border_color=&#8220;off&#8220; border_color=&#8220;#ffffff&#8220; border_style=&#8220;solid&#8220; use_dropshadow=&#8220;off&#8220; global_colors_info=&#8220;{}&#8220;][\/et_pb_blog][\/et_pb_column][\/et_pb_row][\/et_pb_section]<\/p>\n","protected":false},"excerpt":{"rendered":"<p>Herzlich Willkommen bei der Abteilung Kindersport 18illkommen sind alle Kinder zwischen 2 und 5 Jahren, die Spa\u00df am Rennen, Toben und Sport machen haben. Der Kindersport findet in der Turnhalle [&hellip;]<\/p>\n","protected":false},"author":1,"featured_media":0,"parent":0,"menu_order":0,"comment_status":"closed","ping_status":"open","template":"","meta":{"_et_pb_use_builder":"on","_et_pb_old_content":"","_et_gb_content_width":"","footnotes":""},"class_list":["post-2","page","type-page","status-publish","hentry"],"_links":{"self":[{"href":"https:\/\/www.sc-syrau.de\/kindersport\/wp-json\/wp\/v2\/pages\/2","targetHints":{"allow":["GET"]}}],"collection":[{"href":"https:\/\/www.sc-syrau.de\/kindersport\/wp-json\/wp\/v2\/pages"}],"about":[{"href":"https:\/\/www.sc-syrau.de\/kindersport\/wp-json\/wp\/v2\/types\/page"}],"author":[{"embeddable":true,"href":"https:\/\/www.sc-syrau.de\/kindersport\/wp-json\/wp\/v2\/users\/1"}],"replies":[{"embeddable":true,"href":"https:\/\/www.sc-syrau.de\/kindersport\/wp-json\/wp\/v2\/comments?post=2"}],"version-history":[{"count":24,"href":"https:\/\/www.sc-syrau.de\/kindersport\/wp-json\/wp\/v2\/pages\/2\/revisions"}],"predecessor-version":[{"id":245,"href":"https:\/\/www.sc-syrau.de\/kindersport\/wp-json\/wp\/v2\/pages\/2\/revisions\/245"}],"wp:attachment":[{"href":"https:\/\/www.sc-syrau.de\/kindersport\/wp-json\/wp\/v2\/media?parent=2"}],"curies":[{"name":"wp","href":"https:\/\/api.w.org\/{rel}","templated":true}]}}