{"id":96,"date":"2023-02-12T19:36:57","date_gmt":"2023-02-12T18:36:57","guid":{"rendered":"https:\/\/www.sc-syrau.de\/kindertanzen\/?page_id=96"},"modified":"2023-02-12T19:38:11","modified_gmt":"2023-02-12T18:38:11","slug":"impressum","status":"publish","type":"page","link":"https:\/\/www.sc-syrau.de\/kindertanzen\/impressum\/","title":{"rendered":"Impressum"},"content":{"rendered":"<p>[et_pb_section fb_built=&#8220;1&#8243; _builder_version=&#8220;4.9.2&#8243; _module_preset=&#8220;default&#8220;][et_pb_row _builder_version=&#8220;4.9.2&#8243; _module_preset=&#8220;default&#8220;][et_pb_column _builder_version=&#8220;4.9.2&#8243; _module_preset=&#8220;default&#8220; type=&#8220;4_4&#8243;][et_pb_text _builder_version=&#8220;4.9.2&#8243; _module_preset=&#8220;default&#8220; hover_enabled=&#8220;0&#8243; sticky_enabled=&#8220;0&#8243;]<\/p>\n<h1><strong>Impressum<\/strong><\/h1>\n<p>&nbsp;<\/p>\n<h2><strong>Angaben gem\u00e4\u00df \u00a7 5 TMG<\/strong><\/h2>\n<p>&nbsp;<\/p>\n<p>SC Syrau 1919 e.V.<\/p>\n<p>Siedlung 2b<\/p>\n<p>08548 Rosenbach\/Vogtl. OT Syrau<\/p>\n<p>&nbsp;<\/p>\n<p>Vereinsregister VR 60200<\/p>\n<p>Registergericht: Amtsgericht Chemnitz<\/p>\n<p>&nbsp;<\/p>\n<h3>Vertreten durch:<\/h3>\n<ol>\n<li>Vorsitzender Jens Mannig<\/li>\n<li>Vorsitzender Michael Scherf<\/li>\n<\/ol>\n<p>&nbsp;<\/p>\n<p>Verantwortlich i.S.d. \u00a7 18 Abs. 2 MStV: Jens Mannig<\/p>\n<p>&nbsp;<\/p>\n<h3><strong>Kontakt<\/strong><\/h3>\n<p>&nbsp;<\/p>\n<table border=\"0\" style=\"border-collapse: collapse; width: 100%;\" height=\"103\">\n<tbody>\n<tr>\n<td style=\"width: 30%;\">Telefon:<\/td>\n<td style=\"width: 70%;\"><a href=\"tel:0374313350\">037431 3350<\/a><\/td>\n<\/tr>\n<tr>\n<td style=\"width: 30%;\">Telefax:<\/td>\n<td style=\"width: 70%;\"><a href=\"tel:037431877093\">037431 877093<\/a><\/td>\n<\/tr>\n<tr>\n<td style=\"width: 30%;\">E-Mail:<\/td>\n<td style=\"width: 70%;\"><a href=\"mailto:info@sc-syrau.de\">info@sc-syrau.de<\/a><\/td>\n<\/tr>\n<tr>\n<td style=\"width: 30%;\">Internet:<\/td>\n<td style=\"width: 70%;\"><a href=\"https:\/\/www.sc-syrau.de\">www.sc-syrau.de<\/a><\/td>\n<\/tr>\n<\/tbody>\n<\/table>\n<p>&nbsp;<\/p>\n<h3><strong>Redaktionell verantwortlich<\/strong><\/h3>\n<p>&nbsp;<\/p>\n<table border=\"0\" style=\"border-collapse: collapse; width: 100%;\" height=\"103\">\n<tbody>\n<tr>\n<td style=\"width: 100%;\" colspan=\"2\">SC Syrau 1919 e.V.<\/td>\n<\/tr>\n<tr>\n<td style=\"width: 100%;\" colspan=\"2\">Steve K\u00fchnert<\/td>\n<\/tr>\n<tr>\n<td style=\"width: 100%;\" colspan=\"2\">Siedlung 2b<\/td>\n<\/tr>\n<tr>\n<td style=\"width: 100%;\" colspan=\"2\">08548 Rosenbach\/Vogtl. OT Syrau<\/td>\n<\/tr>\n<tr>\n<td style=\"width: 30%;\">E-Mail:<\/td>\n<td style=\"width: 70%;\"><a href=\"mailto:s-kuehnert@sc-syrau.de\">s.kuehnert@sc-syrau.de<\/a><\/td>\n<\/tr>\n<\/tbody>\n<\/table>\n<p>&nbsp;<\/p>\n<h3><strong>Erkl\u00e4rung zum Verbraucherstreitbeilegungsgesetz<\/strong><\/h3>\n<p><strong>\u00a0<\/strong><\/p>\n<p>Der SC Syrau 1919 e.V. nimmt an keinem Verbraucherstreitbeilegungsverfahren teil. Zu einer sach- und l\u00f6sungsorientierten Streitbeilegung sind wir immer gern bereit. Bitte wenden Sie sich mit Kritik, Anregungen oder Beschwerden an uns, damit wir zusammen zu einer einvernehmlichen L\u00f6sung kommen.<\/p>\n<p>&nbsp;<\/p>\n<h3><strong>Haftung f\u00fcr Inhalte<\/strong><\/h3>\n<p>&nbsp;<\/p>\n<p>Die Inhalte unserer Seiten wurden mit gr\u00f6\u00dfter Sorgfalt erstellt. F\u00fcr die Richtigkeit, Vollst\u00e4ndigkeit und Aktualit\u00e4t der Inhalte k\u00f6nnen wir jedoch keine Gew\u00e4hr \u00fcbernehmen.<\/p>\n<p>Als Diensteanbieter sind wir gem\u00e4\u00df \u00a7 7 Abs.1 TMG f\u00fcr eigene Inhalte auf diesen Seiten nach den allgemeinen Gesetzen verantwortlich. Nach \u00a7\u00a7 8 bis 10 TMG sind wir als Diensteanbieter jedoch nicht verpflichtet, \u00fcbermittelte oder gespeicherte fremde Informationen zu \u00fcberwachen oder nach Umst\u00e4nden zu forschen, die auf eine rechtswidrige T\u00e4tigkeit hinweisen. Verpflichtungen zur Entfernung oder Sperrung der Nutzung von Informationen nach den allgemeinen Gesetzen bleiben hiervon unber\u00fchrt. Eine diesbez\u00fcgliche Haftung ist jedoch erst ab dem Zeitpunkt der Kenntnis einer konkreten Rechtsverletzung m\u00f6glich. Bei bekannt werden von entsprechenden Rechtsverletzungen werden wir diese Inhalte umgehend entfernen.<\/p>\n<p>&nbsp;<\/p>\n<h3><strong>Haftung f\u00fcr Links<\/strong><\/h3>\n<p>&nbsp;<\/p>\n<p>Unser Angebot enth\u00e4lt Links zu externen Webseiten Dritter, auf deren Inhalte wir keinen Einfluss haben. Deshalb k\u00f6nnen wir f\u00fcr diese fremden Inhalte auch keine Gew\u00e4hr \u00fcbernehmen. F\u00fcr die Inhalte der verlinkten Seiten ist stets der jeweilige Anbieter oder Betreiber der Seiten verantwortlich. Die verlinkten Seiten wurden zum Zeitpunkt der Verlinkung auf m\u00f6gliche Rechtsverst\u00f6\u00dfe \u00fcberpr\u00fcft. Rechtswidrige Inhalte waren zum Zeitpunkt der Verlinkung nicht erkennbar. Eine permanente inhaltliche Kontrolle der verlinkten Seiten ist jedoch ohne konkrete Anhaltspunkte einer Rechtsverletzung nicht zumutbar. Bei bekannt werden von Rechtsverletzungen werden wir derartige Links umgehend entfernen.<\/p>\n<p>&nbsp;<\/p>\n<h3><strong>Urheberrecht<\/strong><\/h3>\n<p>&nbsp;<\/p>\n<p>Die durch die Seitenbetreiber erstellten Inhalte und Werke auf diesen Seiten unterliegen dem deutschen Urheberrecht. Beitr\u00e4ge Dritter sind als solche gekennzeichnet. Die Vervielf\u00e4ltigung, Bearbeitung, Verbreitung und jede Art der Verwertung au\u00dferhalb der Grenzen des Urheberrechtes bed\u00fcrfen der schriftlichen Zustimmung des jeweiligen Autors bzw. Erstellers. Downloads und Kopien dieser Seite sind nur f\u00fcr den privaten, nicht kommerziellen Gebrauch gestattet.<\/p>\n<p>Die Betreiber der Seiten sind bem\u00fcht, stets die Urheberrechte anderer zu beachten bzw. auf selbst erstellte sowie lizenzfreie Werke zur\u00fcckzugreifen.[\/et_pb_text][\/et_pb_column][\/et_pb_row][\/et_pb_section]<\/p>\n","protected":false},"excerpt":{"rendered":"<p>Impressum &nbsp; Angaben gem\u00e4\u00df \u00a7 5 TMG &nbsp; SC Syrau 1919 e.V. Siedlung 2b 08548 Rosenbach\/Vogtl. OT Syrau &nbsp; Vereinsregister VR 60200 Registergericht: Amtsgericht Chemnitz &nbsp; Vertreten durch: Vorsitzender Jens [&hellip;]<\/p>\n","protected":false},"author":23,"featured_media":0,"parent":0,"menu_order":0,"comment_status":"closed","ping_status":"closed","template":"","meta":{"_et_pb_use_builder":"on","_et_pb_old_content":"","_et_gb_content_width":"","footnotes":""},"class_list":["post-96","page","type-page","status-publish","hentry"],"_links":{"self":[{"href":"https:\/\/www.sc-syrau.de\/kindertanzen\/wp-json\/wp\/v2\/pages\/96","targetHints":{"allow":["GET"]}}],"collection":[{"href":"https:\/\/www.sc-syrau.de\/kindertanzen\/wp-json\/wp\/v2\/pages"}],"about":[{"href":"https:\/\/www.sc-syrau.de\/kindertanzen\/wp-json\/wp\/v2\/types\/page"}],"author":[{"embeddable":true,"href":"https:\/\/www.sc-syrau.de\/kindertanzen\/wp-json\/wp\/v2\/users\/23"}],"replies":[{"embeddable":true,"href":"https:\/\/www.sc-syrau.de\/kindertanzen\/wp-json\/wp\/v2\/comments?post=96"}],"version-history":[{"count":3,"href":"https:\/\/www.sc-syrau.de\/kindertanzen\/wp-json\/wp\/v2\/pages\/96\/revisions"}],"predecessor-version":[{"id":101,"href":"https:\/\/www.sc-syrau.de\/kindertanzen\/wp-json\/wp\/v2\/pages\/96\/revisions\/101"}],"wp:attachment":[{"href":"https:\/\/www.sc-syrau.de\/kindertanzen\/wp-json\/wp\/v2\/media?parent=96"}],"curies":[{"name":"wp","href":"https:\/\/api.w.org\/{rel}","templated":true}]}}